{"id":6342,"date":"2015-03-31T10:26:01","date_gmt":"2015-03-31T10:26:01","guid":{"rendered":"http:\/\/artalis.be\/donnez-vie-a-vos-murs-avec-du-mortex\/"},"modified":"2024-04-05T11:49:32","modified_gmt":"2024-04-05T09:49:32","slug":"homepage-2","status":"publish","type":"page","link":"https:\/\/artalis.be\/en\/","title":{"rendered":"Homepage"},"content":{"rendered":"","protected":false},"excerpt":{"rendered":"","protected":false},"author":1,"featured_media":9390,"parent":0,"menu_order":0,"comment_status":"closed","ping_status":"open","template":"","meta":{"footnotes":""},"class_list":["post-6342","page","type-page","status-publish","has-post-thumbnail","hentry"],"yoast_head":"<!-- This site is optimized with the Yoast SEO plugin v26.7 - https:\/\/yoast.com\/wordpress\/plugins\/seo\/ -->\n<title>ARTALIS, l&#039;Art du Mortex, du Tadelakt, du Stucco et des Enduits d\u00e9coratifs<\/title>\n<meta name=\"description\" content=\"Donnez vie \u00e0 vos murs, sols et anciens carrelages avec les plus beaux enduits: Tadelakt, Stucco, Mortex Color, douche Mortex \u00e9tanche, B\u00e9ton cir\u00e9, Pierre rec\" \/>\n<meta name=\"robots\" content=\"index, follow, max-snippet:-1, max-image-preview:large, max-video-preview:-1\" \/>\n<link rel=\"canonical\" href=\"https:\/\/artalis.be\/en\/\" \/>\n<meta property=\"og:locale\" content=\"en_US\" \/>\n<meta property=\"og:type\" content=\"article\" \/>\n<meta property=\"og:title\" content=\"ARTALIS, l&#039;Art du Mortex, du Tadelakt, du Stucco et des Enduits d\u00e9coratifs\" \/>\n<meta property=\"og:description\" content=\"Donnez vie \u00e0 vos murs, sols et anciens carrelages avec les plus beaux enduits: Tadelakt, Stucco, Mortex Color, douche Mortex \u00e9tanche, B\u00e9ton cir\u00e9, Pierre rec\" \/>\n<meta property=\"og:url\" content=\"https:\/\/artalis.be\/en\/\" \/>\n<meta property=\"og:site_name\" content=\"Artalis enduits mortex pour salle de bain, douche\" \/>\n<meta property=\"article:modified_time\" content=\"2024-04-05T09:49:32+00:00\" \/>\n<meta property=\"og:image\" content=\"https:\/\/artalis.be\/wp-content\/uploads\/2016\/12\/mortex-logo.png\" \/>\n\t<meta property=\"og:image:width\" content=\"525\" \/>\n\t<meta property=\"og:image:height\" content=\"216\" \/>\n\t<meta property=\"og:image:type\" content=\"image\/png\" \/>\n<meta name=\"twitter:card\" content=\"summary_large_image\" \/>\n<meta name=\"twitter:label1\" content=\"Est. reading time\" \/>\n\t<meta name=\"twitter:data1\" content=\"1 minute\" \/>\n<script type=\"application\/ld+json\" class=\"yoast-schema-graph\">{\"@context\":\"https:\/\/schema.org\",\"@graph\":[{\"@type\":\"WebPage\",\"@id\":\"https:\/\/artalis.be\/en\/\",\"url\":\"https:\/\/artalis.be\/en\/\",\"name\":\"ARTALIS, l'Art du Mortex, du Tadelakt, du Stucco et des Enduits d\u00e9coratifs\",\"isPartOf\":{\"@id\":\"https:\/\/artalis.be\/en\/#website\"},\"primaryImageOfPage\":{\"@id\":\"https:\/\/artalis.be\/en\/#primaryimage\"},\"image\":{\"@id\":\"https:\/\/artalis.be\/en\/#primaryimage\"},\"thumbnailUrl\":\"https:\/\/artalis.be\/wp-content\/uploads\/2016\/12\/mortex-logo.png\",\"datePublished\":\"2015-03-31T10:26:01+00:00\",\"dateModified\":\"2024-04-05T09:49:32+00:00\",\"description\":\"Donnez vie \u00e0 vos murs, sols et anciens carrelages avec les plus beaux enduits: Tadelakt, Stucco, Mortex Color, douche Mortex \u00e9tanche, B\u00e9ton cir\u00e9, Pierre rec\",\"breadcrumb\":{\"@id\":\"https:\/\/artalis.be\/en\/#breadcrumb\"},\"inLanguage\":\"en-US\",\"potentialAction\":[{\"@type\":\"ReadAction\",\"target\":[\"https:\/\/artalis.be\/en\/\"]}]},{\"@type\":\"ImageObject\",\"inLanguage\":\"en-US\",\"@id\":\"https:\/\/artalis.be\/en\/#primaryimage\",\"url\":\"https:\/\/artalis.be\/wp-content\/uploads\/2016\/12\/mortex-logo.png\",\"contentUrl\":\"https:\/\/artalis.be\/wp-content\/uploads\/2016\/12\/mortex-logo.png\",\"width\":525,\"height\":216},{\"@type\":\"BreadcrumbList\",\"@id\":\"https:\/\/artalis.be\/en\/#breadcrumb\",\"itemListElement\":[{\"@type\":\"ListItem\",\"position\":1,\"name\":\"Accueil\",\"item\":\"https:\/\/artalis.be\/en\/\"},{\"@type\":\"ListItem\",\"position\":2,\"name\":\"Homepage\"}]},{\"@type\":\"WebSite\",\"@id\":\"https:\/\/artalis.be\/en\/#website\",\"url\":\"https:\/\/artalis.be\/en\/\",\"name\":\"Artalis enduits mortex pour salle de bain, douche\",\"description\":\"Mortex et enduits d\u00e9coratifs tadelakt stuc argile\",\"potentialAction\":[{\"@type\":\"SearchAction\",\"target\":{\"@type\":\"EntryPoint\",\"urlTemplate\":\"https:\/\/artalis.be\/en\/?s={search_term_string}\"},\"query-input\":{\"@type\":\"PropertyValueSpecification\",\"valueRequired\":true,\"valueName\":\"search_term_string\"}}],\"inLanguage\":\"en-US\"}]}<\/script>\n<!-- \/ Yoast SEO plugin. -->","yoast_head_json":{"title":"ARTALIS, l'Art du Mortex, du Tadelakt, du Stucco et des Enduits d\u00e9coratifs","description":"Donnez vie \u00e0 vos murs, sols et anciens carrelages avec les plus beaux enduits: Tadelakt, Stucco, Mortex Color, douche Mortex \u00e9tanche, B\u00e9ton cir\u00e9, Pierre rec","robots":{"index":"index","follow":"follow","max-snippet":"max-snippet:-1","max-image-preview":"max-image-preview:large","max-video-preview":"max-video-preview:-1"},"canonical":"https:\/\/artalis.be\/en\/","og_locale":"en_US","og_type":"article","og_title":"ARTALIS, l'Art du Mortex, du Tadelakt, du Stucco et des Enduits d\u00e9coratifs","og_description":"Donnez vie \u00e0 vos murs, sols et anciens carrelages avec les plus beaux enduits: Tadelakt, Stucco, Mortex Color, douche Mortex \u00e9tanche, B\u00e9ton cir\u00e9, Pierre rec","og_url":"https:\/\/artalis.be\/en\/","og_site_name":"Artalis enduits mortex pour salle de bain, douche","article_modified_time":"2024-04-05T09:49:32+00:00","og_image":[{"width":525,"height":216,"url":"https:\/\/artalis.be\/wp-content\/uploads\/2016\/12\/mortex-logo.png","type":"image\/png"}],"twitter_card":"summary_large_image","twitter_misc":{"Est. reading time":"1 minute"},"schema":{"@context":"https:\/\/schema.org","@graph":[{"@type":"WebPage","@id":"https:\/\/artalis.be\/en\/","url":"https:\/\/artalis.be\/en\/","name":"ARTALIS, l'Art du Mortex, du Tadelakt, du Stucco et des Enduits d\u00e9coratifs","isPartOf":{"@id":"https:\/\/artalis.be\/en\/#website"},"primaryImageOfPage":{"@id":"https:\/\/artalis.be\/en\/#primaryimage"},"image":{"@id":"https:\/\/artalis.be\/en\/#primaryimage"},"thumbnailUrl":"https:\/\/artalis.be\/wp-content\/uploads\/2016\/12\/mortex-logo.png","datePublished":"2015-03-31T10:26:01+00:00","dateModified":"2024-04-05T09:49:32+00:00","description":"Donnez vie \u00e0 vos murs, sols et anciens carrelages avec les plus beaux enduits: Tadelakt, Stucco, Mortex Color, douche Mortex \u00e9tanche, B\u00e9ton cir\u00e9, Pierre rec","breadcrumb":{"@id":"https:\/\/artalis.be\/en\/#breadcrumb"},"inLanguage":"en-US","potentialAction":[{"@type":"ReadAction","target":["https:\/\/artalis.be\/en\/"]}]},{"@type":"ImageObject","inLanguage":"en-US","@id":"https:\/\/artalis.be\/en\/#primaryimage","url":"https:\/\/artalis.be\/wp-content\/uploads\/2016\/12\/mortex-logo.png","contentUrl":"https:\/\/artalis.be\/wp-content\/uploads\/2016\/12\/mortex-logo.png","width":525,"height":216},{"@type":"BreadcrumbList","@id":"https:\/\/artalis.be\/en\/#breadcrumb","itemListElement":[{"@type":"ListItem","position":1,"name":"Accueil","item":"https:\/\/artalis.be\/en\/"},{"@type":"ListItem","position":2,"name":"Homepage"}]},{"@type":"WebSite","@id":"https:\/\/artalis.be\/en\/#website","url":"https:\/\/artalis.be\/en\/","name":"Artalis enduits mortex pour salle de bain, douche","description":"Mortex et enduits d\u00e9coratifs tadelakt stuc argile","potentialAction":[{"@type":"SearchAction","target":{"@type":"EntryPoint","urlTemplate":"https:\/\/artalis.be\/en\/?s={search_term_string}"},"query-input":{"@type":"PropertyValueSpecification","valueRequired":true,"valueName":"search_term_string"}}],"inLanguage":"en-US"}]}},"_links":{"self":[{"href":"https:\/\/artalis.be\/en\/wp-json\/wp\/v2\/pages\/6342","targetHints":{"allow":["GET"]}}],"collection":[{"href":"https:\/\/artalis.be\/en\/wp-json\/wp\/v2\/pages"}],"about":[{"href":"https:\/\/artalis.be\/en\/wp-json\/wp\/v2\/types\/page"}],"author":[{"embeddable":true,"href":"https:\/\/artalis.be\/en\/wp-json\/wp\/v2\/users\/1"}],"replies":[{"embeddable":true,"href":"https:\/\/artalis.be\/en\/wp-json\/wp\/v2\/comments?post=6342"}],"version-history":[{"count":10,"href":"https:\/\/artalis.be\/en\/wp-json\/wp\/v2\/pages\/6342\/revisions"}],"predecessor-version":[{"id":11373,"href":"https:\/\/artalis.be\/en\/wp-json\/wp\/v2\/pages\/6342\/revisions\/11373"}],"wp:featuredmedia":[{"embeddable":true,"href":"https:\/\/artalis.be\/en\/wp-json\/wp\/v2\/media\/9390"}],"wp:attachment":[{"href":"https:\/\/artalis.be\/en\/wp-json\/wp\/v2\/media?parent=6342"}],"curies":[{"name":"wp","href":"https:\/\/api.w.org\/{rel}","templated":true}]}}